{"id":103,"date":"2023-04-30T12:14:12","date_gmt":"2023-04-30T12:14:12","guid":{"rendered":"https:\/\/poli-biketeam.it\/?page_id=103"},"modified":"2023-05-07T14:55:16","modified_gmt":"2023-05-07T14:55:16","slug":"geschichte-des-vereins","status":"publish","type":"page","link":"https:\/\/poli-biketeam.it\/it\/geschichte-des-vereins\/","title":{"rendered":"Storia dell&#8217;associazione"},"content":{"rendered":"\n<p>Il club \u00e8 stato fondato nel 2009 da Volgger Hannes, Pr\u00fcnster Andreas, Messner Martina e Wieser Konstantin. L&#8217;obiettivo del club era quello di riunire in un&#8217;unica associazione gli sport di bici in strade-MTB e downhill per atleti dilettanti.<\/p>\n\n\n\n<p>Sotto la guida di Volgger Hannes come presidente e Pr\u00fcnster Andreas come vicepresidente, nei primi anni sono state organizzate gare di divertimento e gare di downhill.<\/p>\n\n\n\n<p>Nel 2010 il club contava gi\u00e0 pi\u00f9 di 20 soci, provenienti soprattutto dal distretto della zona. Sono state organizzate escursioni insieme e si sono tenute le prime gare ciclistiche.<\/p>\n\n\n\n<p>Dal 2014, l&#8217;associazione \u00e8 gestita dall&#8217;attuale comitato con il presidente Plattner G\u00fcnther. Da quest&#8217;anno il club \u00e8 anche membro dell&#8217;associazione ciclistica Ital. FCI. Nel frattempo, il club conta oltre 50 soci e alcuni di essi hanno ottenuto risultati sorprendenti in gare ciclistiche nazionali e internazionali.<\/p>\n","protected":false},"excerpt":{"rendered":"<p>Il club \u00e8 stato fondato nel 2009 da Volgger Hannes, Pr\u00fcnster Andreas, Messner Martina e Wieser Konstantin. L&#8217;obiettivo del club era quello di riunire in un&#8217;unica associazione gli sport di bici in strade-MTB e downhill per atleti dilettanti. Sotto la guida di Volgger Hannes come presidente e Pr\u00fcnster Andreas come vicepresidente, nei primi anni sono&hellip;&nbsp;<a href=\"https:\/\/poli-biketeam.it\/it\/geschichte-des-vereins\/\" rel=\"bookmark\">Read More &raquo;<span class=\"screen-reader-text\">Storia dell&#8217;associazione<\/span><\/a><\/p>\n","protected":false},"author":1,"featured_media":0,"parent":0,"menu_order":0,"comment_status":"closed","ping_status":"closed","template":"","meta":{"neve_meta_sidebar":"","neve_meta_container":"contained","neve_meta_enable_content_width":"","neve_meta_content_width":0,"neve_meta_title_alignment":"","neve_meta_author_avatar":"","neve_post_elements_order":"","neve_meta_disable_header":"","neve_meta_disable_footer":"","neve_meta_disable_title":"off","footnotes":""},"class_list":["post-103","page","type-page","status-publish","hentry"],"translation":{"provider":"WPGlobus","version":"3.0.2","language":"it","enabled_languages":["de","it"],"languages":{"de":{"title":true,"content":true,"excerpt":false},"it":{"title":true,"content":true,"excerpt":false}}},"_links":{"self":[{"href":"https:\/\/poli-biketeam.it\/it\/wp-json\/wp\/v2\/pages\/103","targetHints":{"allow":["GET"]}}],"collection":[{"href":"https:\/\/poli-biketeam.it\/it\/wp-json\/wp\/v2\/pages"}],"about":[{"href":"https:\/\/poli-biketeam.it\/it\/wp-json\/wp\/v2\/types\/page"}],"author":[{"embeddable":true,"href":"https:\/\/poli-biketeam.it\/it\/wp-json\/wp\/v2\/users\/1"}],"replies":[{"embeddable":true,"href":"https:\/\/poli-biketeam.it\/it\/wp-json\/wp\/v2\/comments?post=103"}],"version-history":[{"count":5,"href":"https:\/\/poli-biketeam.it\/it\/wp-json\/wp\/v2\/pages\/103\/revisions"}],"predecessor-version":[{"id":234,"href":"https:\/\/poli-biketeam.it\/it\/wp-json\/wp\/v2\/pages\/103\/revisions\/234"}],"wp:attachment":[{"href":"https:\/\/poli-biketeam.it\/it\/wp-json\/wp\/v2\/media?parent=103"}],"curies":[{"name":"wp","href":"https:\/\/api.w.org\/{rel}","templated":true}]}}